{"id":43,"date":"2025-11-13T12:48:29","date_gmt":"2025-11-13T12:48:29","guid":{"rendered":"https:\/\/ninellis.fi\/?page_id=43"},"modified":"2026-03-09T14:35:08","modified_gmt":"2026-03-09T14:35:08","slug":"blog","status":"publish","type":"page","link":"https:\/\/ninellis.fi\/index.php\/blog\/","title":{"rendered":"Blogi"},"content":{"rendered":"\n<p>9.3.2026<\/p>\n\n\n\n<p>Miisa sai vain yhden pennun, jolle on koti jo valmiina odottamassa.<\/p>\n\n\n\n<p><\/p>\n\n\n\n<p>13.1.2026<\/p>\n\n\n\n<p>Uusi vuosi, vanhat kujeet. Ihan pienesti alkaa her\u00e4t\u00e4 usko, ett\u00e4 helmikuussa saisimme vastaanottaa kissalan 50. pentueen. <br>Emona Miisa, Ninelli&#8217;s Soosmu, Mellin ja Norjan poika Freudin tyt\u00e4r, ja is\u00e4n\u00e4 Joppe, NINELLIS Quo Vadis, Alvan ja porilaistuneen It\u00e4-Suomen ihmeen Boriksen poika. Olispa ihqua kerrassaan!<\/p>\n\n\n\n<p><\/p>\n\n\n\n<p>16.12.2025<\/p>\n\n\n\n<p>Uutta matoa koukkuun, leuka kohti rintaa ja mit\u00e4 n\u00e4it\u00e4 on. Ehk\u00e4 t\u00e4ll\u00e4 kertaa kohtalo on meid\u00e4n puolellamme ja kev\u00e4\u00e4ll\u00e4 saamme nauttia Ninelli&#8217;s T2-pentueesta kotonamme.<\/p>\n\n\n\n<p><\/p>\n\n\n\n<p>1.12.2025<\/p>\n\n\n\n<p>Todellakin, vuonna 2025 ei synny yht\u00e4\u00e4n Ninelli&#8217;s pentua. <\/p>\n\n\n\n<p><\/p>\n\n\n\n<p>13.11.2025<\/p>\n\n\n\n<p>Tuskaa tuottaa uuden opettelu. Kuvittelin testaavani sivustolle uusia pohjamalleja, mutta puff, vanha sivusto oli vaihtunut t\u00e4llaiseen. Uusi teknologia ei ole vanhalle helppoa. Itke\u00e4k\u00f6 vai nauraa.<\/p>\n","protected":false},"excerpt":{"rendered":"<p>9.3.2026 Miisa sai vain yhden pennun, jolle on koti jo valmiina odottamassa. 13.1.2026 Uusi vuosi, vanhat kujeet. Ihan pienesti alkaa her\u00e4t\u00e4 usko, ett\u00e4 helmikuussa saisimme vastaanottaa kissalan 50. pentueen. Emona Miisa, Ninelli&#8217;s Soosmu, Mellin ja Norjan poika Freudin tyt\u00e4r, ja is\u00e4n\u00e4 Joppe, NINELLIS Quo Vadis, Alvan ja porilaistuneen It\u00e4-Suomen ihmeen Boriksen poika. Olispa ihqua kerrassaan! [&hellip;]<\/p>\n","protected":false},"author":1,"featured_media":0,"parent":0,"menu_order":0,"comment_status":"closed","ping_status":"closed","template":"","meta":{"footnotes":""},"class_list":["post-43","page","type-page","status-publish","hentry"],"_links":{"self":[{"href":"https:\/\/ninellis.fi\/index.php\/wp-json\/wp\/v2\/pages\/43","targetHints":{"allow":["GET"]}}],"collection":[{"href":"https:\/\/ninellis.fi\/index.php\/wp-json\/wp\/v2\/pages"}],"about":[{"href":"https:\/\/ninellis.fi\/index.php\/wp-json\/wp\/v2\/types\/page"}],"author":[{"embeddable":true,"href":"https:\/\/ninellis.fi\/index.php\/wp-json\/wp\/v2\/users\/1"}],"replies":[{"embeddable":true,"href":"https:\/\/ninellis.fi\/index.php\/wp-json\/wp\/v2\/comments?post=43"}],"version-history":[{"count":8,"href":"https:\/\/ninellis.fi\/index.php\/wp-json\/wp\/v2\/pages\/43\/revisions"}],"predecessor-version":[{"id":112,"href":"https:\/\/ninellis.fi\/index.php\/wp-json\/wp\/v2\/pages\/43\/revisions\/112"}],"wp:attachment":[{"href":"https:\/\/ninellis.fi\/index.php\/wp-json\/wp\/v2\/media?parent=43"}],"curies":[{"name":"wp","href":"https:\/\/api.w.org\/{rel}","templated":true}]}}